{"id":54188,"date":"2025-10-30T18:13:02","date_gmt":"2025-10-30T17:13:02","guid":{"rendered":"https:\/\/paolomargari.it\/?page_id=54188"},"modified":"2025-12-05T04:00:31","modified_gmt":"2025-12-05T03:00:31","slug":"plan-du-site-web","status":"publish","type":"page","link":"https:\/\/paolomargari.it\/fr\/plan-du-site-web\/","title":{"rendered":"Plan du site"},"content":{"rendered":"[rang\u00e9e]\n\n\t<div id=\"col-161015682\" class=\"col small-12 large-12\"  >\n\t\t\t\t<div class=\"col-inner\"  >\n\t\t\t\n\t\t\t\n<h1>Plan du site<\/h1>\n<h2>Liste des contenus publi\u00e9s sur PaoloMargari.it<\/h2>\n<p>Site personnel (italien, anglais et fran\u00e7ais). Certains contenus peuvent ne pas \u00eatre mis \u00e0 jour.<\/p>\n<p>&nbsp;<\/p>\n<div class=\"wsp-container\"><h2 class=\"wsp-pages-title\">Pages<\/h2>\n<ul class=\"wsp-pages-list\">\n<li class=\"page_item page-item-53337\"><a href=\"https:\/\/paolomargari.it\/fr\/bio\/\">Bio<\/a><\/li>\n<li class=\"page_item page-item-53329\"><a href=\"https:\/\/paolomargari.it\/fr\/blog\/\">Blog<\/a><\/li>\n<li class=\"page_item page-item-53358 page_item_has_children\"><a href=\"https:\/\/paolomargari.it\/fr\/contact\/\">Contact<\/a>\n<ul class='children'>\n\t<li class=\"page_item page-item-53360\"><a href=\"https:\/\/paolomargari.it\/fr\/contact\/merci\/\">Merci<\/a><\/li>\n<\/ul>\n<\/li>\n<li class=\"page_item page-item-53362\"><a href=\"https:\/\/paolomargari.it\/fr\/digital-marketing\/\">Digital Marketing<\/a><\/li>\n<li class=\"page_item page-item-53371\"><a href=\"https:\/\/paolomargari.it\/fr\/livres\/\">Livres<\/a><\/li>\n<li class=\"page_item page-item-53374 current_page_parent\"><a href=\"https:\/\/paolomargari.it\/fr\/magazine\/\">Magazine<\/a><\/li>\n<li class=\"page_item page-item-53378\"><a href=\"https:\/\/paolomargari.it\/fr\/musique\/\">Musique<\/a><\/li>\n<li class=\"page_item page-item-53380\"><a href=\"https:\/\/paolomargari.it\/fr\/\">Paolo Margari<\/a><\/li>\n<li class=\"page_item page-item-53365\"><a href=\"https:\/\/paolomargari.it\/fr\/photographie\/\">Photographie<\/a><\/li>\n<li class=\"page_item page-item-54188\"><a href=\"https:\/\/paolomargari.it\/fr\/plan-du-site-web\/\">Plan du site<\/a><\/li>\n<li class=\"page_item page-item-53382\"><a href=\"https:\/\/paolomargari.it\/fr\/podcast\/\">Podcast<\/a><\/li>\n<\/ul>\n<h2 class=\"wsp-posts-title\">Articles par cat\u00e9gorie<\/h2>\n<ul class=\"wsp-posts-list\">\n\t<li><strong class=\"wsp-category-title\">Cat\u00e9gorie\u00a0: <a href=\"https:\/\/paolomargari.it\/fr\/categorie\/politique-activisme\/\">Activisme<\/a><\/strong>\n<ul class=\"wsp-posts-list\">\t\t<li class=\"wsp-post\"><a href=\"https:\/\/paolomargari.it\/fr\/guide-meilleurs-logiciels-libres-gratuits-pc-mac-open-source\/\">Les meilleurs logiciels libres gratuits pour PC et Mac \u00e0 ne pas manquer<\/a><\/li>\n<\/ul><\/li>\n\t<li><strong class=\"wsp-category-title\">Cat\u00e9gorie\u00a0: <a href=\"https:\/\/paolomargari.it\/fr\/categorie\/actualites-opportunites\/\">Actualit\u00e9s et opportunit\u00e9s<\/a><\/strong>\n<ul class=\"wsp-posts-list\">\t\t<li class=\"wsp-post\"><a href=\"https:\/\/paolomargari.it\/fr\/passe-present-futur-nom-chaque-siecle-histoire\/\">Pass\u00e9, pr\u00e9sent et futur : un nom pour chaque si\u00e8cle<\/a><\/li>\n<\/ul><\/li>\n\t<li><strong class=\"wsp-category-title\">Cat\u00e9gorie\u00a0: <a href=\"https:\/\/paolomargari.it\/fr\/categorie\/digital-marketing\/\">Digital Marketing<\/a><\/strong>\n<ul class=\"wsp-posts-list\">\t\t<li class=\"wsp-post\"><a href=\"https:\/\/paolomargari.it\/fr\/lois-ux-theorie-meilleurs-pratiques-experience-utilisateur-design\/\">Les lois de l&rsquo;UX &#8211; th\u00e9orie et meilleures pratiques en mati\u00e8re de conception de l&rsquo;exp\u00e9rience utilisateur<\/a><\/li>\n\t\t<li class=\"wsp-post\"><a href=\"https:\/\/paolomargari.it\/fr\/guide-dropshipping-ecommerce-vendre-sans-stock\/\">Guide du Dropshipping : e-commerce pour vendre des produits sans stock<\/a><\/li>\n\t\t<li class=\"wsp-post\"><a href=\"https:\/\/paolomargari.it\/fr\/comment-seo-referencement-change-ia-mode-google\/\">Le r\u00e9f\u00e9rencement \u00e0 l&rsquo;\u00e8re du mode IA de Google : se faire remarquer et obtenir des clics qualifi\u00e9s<\/a><\/li>\n\t\t<li class=\"wsp-post\"><a href=\"https:\/\/paolomargari.it\/fr\/marketing-cadrage-ancrage-effet-halo-marque-branding\/\">Cadrage, ancrage et effet de halo : comment le marketing fa\u00e7onne la perception de la marque<\/a><\/li>\n\t\t<li class=\"wsp-post\"><a href=\"https:\/\/paolomargari.it\/fr\/journalisme-intellicence-artificielle-ia\/\">Comment le journalisme change avec l&rsquo;intelligence artificielle<\/a><\/li>\n\t\t<li class=\"wsp-post\"><a href=\"https:\/\/paolomargari.it\/fr\/linkedin-social-selling-index-ssi\/\">Qu&rsquo;est-ce que l&rsquo;indice de vente sociale de LinkedIn ou SSI et comment l&rsquo;am\u00e9liorer ?<\/a><\/li>\n<\/ul><\/li>\n\t<li><strong class=\"wsp-category-title\">Cat\u00e9gorie\u00a0: <a href=\"https:\/\/paolomargari.it\/fr\/categorie\/divers\/\">Divers<\/a><\/strong>\n<ul class=\"wsp-posts-list\">\t\t<li class=\"wsp-post\"><a href=\"https:\/\/paolomargari.it\/fr\/comment-intelligence-artificielle-change-fruition-information-ia\/\">Comment l&rsquo;intelligence artificielle change la fruition de l&rsquo;information<\/a><\/li>\n<\/ul><\/li>\n\t<li><strong class=\"wsp-category-title\">Cat\u00e9gorie\u00a0: <a href=\"https:\/\/paolomargari.it\/fr\/categorie\/technologie-innovation\/\">Technologie et innovation<\/a><\/strong>\n<\/li>\n<\/ul>\n<\/div>\n<p>&nbsp;<\/p>\n\t<div id=\"gap-1725136151\" class=\"gap-element clearfix\" style=\"display:block; height:auto;\">\n\t\t\n<style>\n#gap-1725136151 {\n  padding-top: 30px;\n}\n<\/style>\n\t<\/div>\n\t\n\t\t<\/div>\n\t\t\t\t\t<\/div>\n\n\t\n[\/row]\n","protected":false},"excerpt":{"rendered":"[rang\u00e9e] [\/row]\n","protected":false},"author":1,"featured_media":0,"parent":0,"menu_order":0,"comment_status":"closed","ping_status":"closed","template":"","meta":{"footnotes":""},"class_list":["post-54188","page","type-page","status-publish","hentry"],"_links":{"self":[{"href":"https:\/\/paolomargari.it\/fr\/wp-json\/wp\/v2\/pages\/54188","targetHints":{"allow":["GET"]}}],"collection":[{"href":"https:\/\/paolomargari.it\/fr\/wp-json\/wp\/v2\/pages"}],"about":[{"href":"https:\/\/paolomargari.it\/fr\/wp-json\/wp\/v2\/types\/page"}],"author":[{"embeddable":true,"href":"https:\/\/paolomargari.it\/fr\/wp-json\/wp\/v2\/users\/1"}],"replies":[{"embeddable":true,"href":"https:\/\/paolomargari.it\/fr\/wp-json\/wp\/v2\/comments?post=54188"}],"version-history":[{"count":3,"href":"https:\/\/paolomargari.it\/fr\/wp-json\/wp\/v2\/pages\/54188\/revisions"}],"predecessor-version":[{"id":54191,"href":"https:\/\/paolomargari.it\/fr\/wp-json\/wp\/v2\/pages\/54188\/revisions\/54191"}],"wp:attachment":[{"href":"https:\/\/paolomargari.it\/fr\/wp-json\/wp\/v2\/media?parent=54188"}],"curies":[{"name":"wp","href":"https:\/\/api.w.org\/{rel}","templated":true}]}}