{"id":53382,"date":"2025-10-30T18:12:23","date_gmt":"2025-10-30T17:12:23","guid":{"rendered":"https:\/\/paolomargari.it\/podcast\/"},"modified":"2025-12-03T22:39:59","modified_gmt":"2025-12-03T21:39:59","slug":"podcast","status":"publish","type":"page","link":"https:\/\/paolomargari.it\/fr\/podcast\/","title":{"rendered":"Podcast"},"content":{"rendered":"[rang\u00e9e]\n\n\t<div id=\"col-1004436067\" class=\"col small-12 large-12\"  >\n\t\t\t\t<div class=\"col-inner\"  >\n\t\t\t\n\t\t\t\n\t<div id=\"gap-1921563985\" class=\"gap-element clearfix\" style=\"display:block; height:auto;\">\n\t\t\n<style>\n#gap-1921563985 {\n  padding-top: 30px;\n}\n<\/style>\n\t<\/div>\n\t\n<h1>Podcast<\/h1>\n<h2>Digital Marketing Italia<\/h2>\n<p>Digital Marketing Italia (DMI) est le podcast italien de Paolo Margari destin\u00e9 aux entrepreneurs, aux sp\u00e9cialistes du marketing, aux managers, aux \u00e9tudiants et aux curieux.<\/p>\n<p>Chaque \u00e9pisode propose des \u00e9clairages th\u00e9oriques, des cas pratiques et des points de vue actualis\u00e9s pour ma\u00eetriser le marketing num\u00e9rique, que tu sois n\u00e9ophyte ou expert. Un guide indispensable pour d\u00e9velopper ton entreprise et ta carri\u00e8re dans le monde num\u00e9rique.<\/p>\n<p>Plonge dans des sujets tels que la strat\u00e9gie num\u00e9rique, la publicit\u00e9 en ligne, le SEO, l&rsquo;exp\u00e9rience utilisateur, l&rsquo;image de marque, les relations publiques, les m\u00e9dias sociaux, le growth hacking, le contenu, la vid\u00e9o, le marketing mobile et viral, sans oublier les derni\u00e8res nouveaut\u00e9s en mati\u00e8re d&rsquo;intelligence artificielle.<\/p>\n<p><em>\u00c0 venir&#8230;<\/em><\/p>\n[\u00e9cart]\n\t\t<\/div>\n\t\t\t\t\t<\/div>\n\n\t\n[\/row]\n","protected":false},"excerpt":{"rendered":"[rang\u00e9e] [\/row]\n","protected":false},"author":1,"featured_media":0,"parent":0,"menu_order":0,"comment_status":"closed","ping_status":"closed","template":"","meta":{"footnotes":""},"class_list":["post-53382","page","type-page","status-publish","hentry"],"_links":{"self":[{"href":"https:\/\/paolomargari.it\/fr\/wp-json\/wp\/v2\/pages\/53382","targetHints":{"allow":["GET"]}}],"collection":[{"href":"https:\/\/paolomargari.it\/fr\/wp-json\/wp\/v2\/pages"}],"about":[{"href":"https:\/\/paolomargari.it\/fr\/wp-json\/wp\/v2\/types\/page"}],"author":[{"embeddable":true,"href":"https:\/\/paolomargari.it\/fr\/wp-json\/wp\/v2\/users\/1"}],"replies":[{"embeddable":true,"href":"https:\/\/paolomargari.it\/fr\/wp-json\/wp\/v2\/comments?post=53382"}],"version-history":[{"count":2,"href":"https:\/\/paolomargari.it\/fr\/wp-json\/wp\/v2\/pages\/53382\/revisions"}],"predecessor-version":[{"id":53386,"href":"https:\/\/paolomargari.it\/fr\/wp-json\/wp\/v2\/pages\/53382\/revisions\/53386"}],"wp:attachment":[{"href":"https:\/\/paolomargari.it\/fr\/wp-json\/wp\/v2\/media?parent=53382"}],"curies":[{"name":"wp","href":"https:\/\/api.w.org\/{rel}","templated":true}]}}