{"id":53378,"date":"2025-10-30T18:12:18","date_gmt":"2025-10-30T17:12:18","guid":{"rendered":"https:\/\/paolomargari.it\/musica\/"},"modified":"2025-12-03T22:43:54","modified_gmt":"2025-12-03T21:43:54","slug":"musique","status":"publish","type":"page","link":"https:\/\/paolomargari.it\/fr\/musique\/","title":{"rendered":"Musique"},"content":{"rendered":"[rang\u00e9e]\n\n\t<div id=\"col-899478140\" class=\"col small-12 large-12\"  >\n\t\t\t\t<div class=\"col-inner\"  >\n\t\t\t\n\t\t\t\n\t<div id=\"gap-1686945428\" class=\"gap-element clearfix\" style=\"display:block; height:auto;\">\n\t\t\n<style>\n#gap-1686945428 {\n  padding-top: 30px;\n}\n<\/style>\n\t<\/div>\n\t\n<h1>Musique<\/h1>\n<p style=\"text-align: left;\" align=\"center\">Je produis de la musique \u00e9lectronique comme passe-temps depuis de nombreuses ann\u00e9es. Je suis pass\u00e9 d&rsquo;\u00e9chantillonneurs virtuels comme Fast Tracker II \u00e0 des DAW comme Reason et Ableton Live.<\/p>\n<p style=\"text-align: left;\" align=\"center\">Je ne suis pas un genre musical pr\u00e9cis et en production, \u00e0 l&rsquo;exception de collaborations sporadiques, je m&rsquo;occupe de tous les aspects, de la composition aux paroles (lorsqu&rsquo;elles sont pr\u00e9sentes) en passant par le mixage et le mastering.<\/p>\n<p style=\"text-align: left;\" align=\"center\">Certains morceaux issus de divers projets tels que Random Pleasures, Qwastasi, Echodromes, Style Disorder, sont publi\u00e9s sur des plateformes de streaming telles que Spotify, iTunes, etc. via le label Oltre.Digital Records (premier extrait ci-dessous) d&rsquo;autres sur SoundCloud, tandis que la collection la plus compl\u00e8te se trouve sur la plateforme <a title=\"Musica di Paolo Margari su Soundclick\" href=\"https:\/\/www.soundclick.com\/paolomargari\/?content=music\" target=\"_blank\" rel=\"noopener nofollow\">Soundclick<\/a> (autre extrait ci-dessous).<\/p>\n<p style=\"text-align: left;\" align=\"center\">Dans certains cas, les morceaux sont accompagn\u00e9s de vid\u00e9os post\u00e9es sur <a title=\"Canale YouTube di Paolo Margari\" href=\"https:\/\/www.youtube.com\/@paolomargari\" target=\"_blank\" rel=\"noopener nofollow\">YouTube<\/a> (l\u00e0 encore, listes de lecture sur cette page).<\/p>\n<p style=\"text-align: left;\" align=\"center\">R\u00e9cemment, j&rsquo;ai exp\u00e9riment\u00e9 la cr\u00e9ation de morceaux avec une intelligence artificielle via les projets Crystallino (dream pop) et Metrospective (synthwave).<\/p>\n\t<div id=\"gap-117506467\" class=\"gap-element clearfix\" style=\"display:block; height:auto;\">\n\t\t\n<style>\n#gap-117506467 {\n  padding-top: 30px;\n}\n<\/style>\n\t<\/div>\n\t\n<h2>Titres publi\u00e9s sur Spotify<\/h2>\n\n<p><center><br \/>\n<iframe loading=\"lazy\" style=\"border-radius: 12px;\" src=\"https:\/\/open.spotify.com\/embed\/playlist\/0FtpZhFLI6Qft3xMQLay1C?utm_source=generator\" width=\"100%\" height=\"352\" frameborder=\"0\" allowfullscreen=\"allowfullscreen\" data-testid=\"embed-iframe\"><\/iframe><\/center><br \/>\n\n\t<div id=\"gap-686228472\" class=\"gap-element clearfix\" style=\"display:block; height:auto;\">\n\t\t\n<style>\n#gap-686228472 {\n  padding-top: 30px;\n}\n<\/style>\n\t<\/div>\n\t\n<h2>Pistes de d\u00e9monstration publi\u00e9es sur SoundClick<\/h2>\n\n<p><iframe loading=\"lazy\" id=\"embedSoundClick\" style=\"border: 0; margin: 0 auto; outline: 0; padding: 0; vertical-align: baseline; display: block; max-width: 1200px; min-height: 600px; background: #002332;\" src=\"https:\/\/www.soundclick.com\/artist\/external\/standalone.cfm?bandID=401651\" width=\"100%\" height=\"100%\">Ecoutez tous les titres de Paolo Margari sur SoundClick <a href=\"https:\/\/soundclick.com\/paolomargari\" target=\"_blank\" rel=\"noopener\">: https:\/\/paolomargari.soundclick.com<\/a><\/iframe><br \/>\n\n\t\t<\/div>\n\t\t\t\t\t<\/div>\n\n\t\n[\/row]\n<h2>Clip vid\u00e9o<\/h2>\n\n<p style=\"text-align: center;\">S\u00e9lectionne les diff\u00e9rents clips vid\u00e9o via le menu hamburger en haut \u00e0 droite de chaque liste de lecture<br \/>\n<iframe loading=\"lazy\" title=\"YouTube video player\" src=\"https:\/\/www.youtube.com\/embed\/videoseries?si=wGZhCcSfMFuNcjlw&amp;list=PL6wj3kTW9hZJYWQ_ZP2MwCNf_kRIdSlin\" width=\"560\" height=\"315\" frameborder=\"0\" allowfullscreen=\"allowfullscreen\"><\/iframe><\/p>\n<hr \/>\n<p style=\"text-align: center;\"><iframe loading=\"lazy\" title=\"YouTube video player\" src=\"https:\/\/www.youtube.com\/embed\/videoseries?si=u_yrX9Ggmgb8xSEr&amp;list=PL6wj3kTW9hZIJDRuOh9hNYPXj5iy0XXqk\" width=\"560\" height=\"315\" frameborder=\"0\" allowfullscreen=\"allowfullscreen\"><\/iframe><\/p>\n<hr \/>\n<p style=\"text-align: center;\"><iframe loading=\"lazy\" title=\"YouTube video player\" src=\"https:\/\/www.youtube.com\/embed\/videoseries?si=nsEi9rX1Vtx1reww&amp;list=PL6wj3kTW9hZIRhl_feaC_4GdG6AZZ4dVQ\" width=\"560\" height=\"315\" frameborder=\"0\" allowfullscreen=\"allowfullscreen\"><\/iframe><\/p>\n<hr \/>\n<blockquote class=\"tiktok-embed\" style=\"max-width: 780px; min-width: 288px;\" cite=\"https:\/\/www.tiktok.com\/@paolomargari\" data-unique-id=\"paolomargari\" data-embed-type=\"creator\">\n<section><a href=\"https:\/\/www.tiktok.com\/@paolomargari?refer=creator_embed\" target=\"_blank\" rel=\"noopener\">@paolomargari<\/a><\/section>\n<\/blockquote>\n<p><script async src=\"https:\/\/www.tiktok.com\/embed.js\"><\/script><br \/>\n\n\t<div id=\"gap-2100071492\" class=\"gap-element clearfix\" style=\"display:block; height:auto;\">\n\t\t\n<style>\n#gap-2100071492 {\n  padding-top: 30px;\n}\n<\/style>\n\t<\/div>\n\t\n","protected":false},"excerpt":{"rendered":"[rang\u00e9e] [\/row] Clip vid\u00e9o<\/p>\n","protected":false},"author":1,"featured_media":0,"parent":0,"menu_order":0,"comment_status":"closed","ping_status":"closed","template":"","meta":{"footnotes":""},"class_list":["post-53378","page","type-page","status-publish","hentry"],"_links":{"self":[{"href":"https:\/\/paolomargari.it\/fr\/wp-json\/wp\/v2\/pages\/53378","targetHints":{"allow":["GET"]}}],"collection":[{"href":"https:\/\/paolomargari.it\/fr\/wp-json\/wp\/v2\/pages"}],"about":[{"href":"https:\/\/paolomargari.it\/fr\/wp-json\/wp\/v2\/types\/page"}],"author":[{"embeddable":true,"href":"https:\/\/paolomargari.it\/fr\/wp-json\/wp\/v2\/users\/1"}],"replies":[{"embeddable":true,"href":"https:\/\/paolomargari.it\/fr\/wp-json\/wp\/v2\/comments?post=53378"}],"version-history":[{"count":2,"href":"https:\/\/paolomargari.it\/fr\/wp-json\/wp\/v2\/pages\/53378\/revisions"}],"predecessor-version":[{"id":53393,"href":"https:\/\/paolomargari.it\/fr\/wp-json\/wp\/v2\/pages\/53378\/revisions\/53393"}],"wp:attachment":[{"href":"https:\/\/paolomargari.it\/fr\/wp-json\/wp\/v2\/media?parent=53378"}],"curies":[{"name":"wp","href":"https:\/\/api.w.org\/{rel}","templated":true}]}}