{"id":53371,"date":"2025-10-30T18:12:28","date_gmt":"2025-10-30T17:12:28","guid":{"rendered":"https:\/\/paolomargari.it\/libri\/"},"modified":"2025-12-05T03:47:00","modified_gmt":"2025-12-05T02:47:00","slug":"livres","status":"publish","type":"page","link":"https:\/\/paolomargari.it\/fr\/livres\/","title":{"rendered":"Livres"},"content":{"rendered":"[rang\u00e9e]\n\n\t<div id=\"col-1794625811\" class=\"col small-12 large-12\"  >\n\t\t\t\t<div class=\"col-inner\"  >\n\t\t\t\n\t\t\t\n\t<div id=\"gap-58268484\" class=\"gap-element clearfix\" style=\"display:block; height:auto;\">\n\t\t\n<style>\n#gap-58268484 {\n  padding-top: 30px;\n}\n<\/style>\n\t<\/div>\n\t\n<h1>Livres<\/h1>\n<p><img loading=\"lazy\" decoding=\"async\" class=\"wp-image-53066  alignleft\" src=\"https:\/\/paolomargari.it\/wp-content\/uploads\/2025\/10\/paolo_margari_postpex-book-libro-e1613072947481-1024x768.jpg\" alt=\"Libri PostPlex Paolo Margari books\" width=\"353\" height=\"265\" srcset=\"https:\/\/paolomargari.it\/wp-content\/uploads\/2025\/10\/paolo_margari_postpex-book-libro-e1613072947481-1024x768.jpg 1024w, https:\/\/paolomargari.it\/wp-content\/uploads\/2025\/10\/paolo_margari_postpex-book-libro-e1613072947481-300x225.jpg 300w, https:\/\/paolomargari.it\/wp-content\/uploads\/2025\/10\/paolo_margari_postpex-book-libro-e1613072947481-768x576.jpg 768w, https:\/\/paolomargari.it\/wp-content\/uploads\/2025\/10\/paolo_margari_postpex-book-libro-e1613072947481.jpg 1200w\" sizes=\"auto, (max-width: 353px) 100vw, 353px\" \/><\/p>\n<p>J&rsquo;\u00e9cris par passion depuis l&rsquo;adolescence.<\/p>\n<p>Depuis pr\u00e8s de vingt ans, je publie certaines de mes notes sur le blog <strong><a title=\"PostPlex blog Paolo Margari\" href=\"https:\/\/postplex.blogspot.com\/\" target=\"_blank\" rel=\"noopener\">Postplex<\/a><\/strong>.<\/p>\n<p>En appliquant une pens\u00e9e critique, j&rsquo;explore, \u00e0 travers mes \u00e9crits, les syst\u00e8mes qui fa\u00e7onnent la r\u00e9alit\u00e9 contemporaine, des m\u00e9dias au capitalisme, en passant par la connaissance et l&rsquo;identit\u00e9.<\/p>\n<p>Par l&rsquo;analyse et la m\u00e9taphore, j&rsquo;invite les lecteurs \u00e0 remettre en question l&rsquo;\u00e9vidence, \u00e0 accepter l&rsquo;incertitude et \u00e0 red\u00e9couvrir leur capacit\u00e9 d&rsquo;agir dans un monde con\u00e7u pour la consommation passive.<\/p>\n<p>Je crois en l&rsquo;honn\u00eatet\u00e9 intellectuelle, \u00e0 la valeur du temps et au besoin de surprise.<\/p>\n<p>Mon travail n&rsquo;est pas qu&rsquo;un simple contenu : il vise \u00e0 \u00eatre un catalyseur de pens\u00e9e ind\u00e9pendante.<\/p>\n<p>Mes \u00e9crits sont g\u00e9n\u00e9ralement abstraits : ils ne font r\u00e9f\u00e9rence ni au temps, ni aux lieux, ni aux personnes.<\/p>\n<p>&nbsp;<\/p>\n<p>&nbsp;<\/p>\n<h2>Publications et blog Postplex<\/h2>\n<p>En 2012, j&rsquo;ai publi\u00e9 mon premier recueil, <em><strong>Glossario del Nulla<\/strong><\/em> (Glossaire du N\u00e9ant).<\/p>\n<p>Le volume <em><strong>Postplex<\/strong><\/em>, un second recueil, sans doute plus abouti, a \u00e9t\u00e9 publi\u00e9 en 2021 et distribu\u00e9 via Lulu et des plateformes en ligne populaires, dont Amazon.<\/p>\n<p>Un troisi\u00e8me volume est pr\u00e9vu.<\/p>\n<p>La plupart des contenus des volumes publi\u00e9s, ainsi que des contenus plus r\u00e9cents (dont certaines paroles de morceaux issus des projets musicaux), sont accessibles gratuitement sur le blog <strong><a title=\"PostPlex blog Paolo Margari\" href=\"https:\/\/postplex.blogspot.com\/\" target=\"_blank\" rel=\"noopener\">Postplex<\/a><\/strong>.<\/p>\n<p>Le contenu du blog, initialement en italien uniquement, est d\u00e9sormais disponible en anglais. La version ordinateur permet la traduction automatique du texte (malgr\u00e9 les limites inh\u00e9rentes \u00e0 la traduction automatique).<\/p>\n<p>Pour ce qui est des autres auteurs, vous trouverez une liste de mes lectures pr\u00e9f\u00e9r\u00e9es (ou que j&rsquo;attendais avec impatience) sur mon profil Goodreads.<\/p>\n<div class=\"is-divider divider clearfix\" style=\"max-width:50%;height:2px;\"><\/div>\n<h2>Derniers articles du blog Postplex<\/h2>\n<div class=\"wpra-display align\" data-display-id=\"1\" hx-target=\"this\" hx-swap=\"outerHTML\">    <div class=\"wp-rss-aggregator wpra-list-template \">\n        <ul class=\"rss-aggregator wpra-item-list wpra-item-list--bullets wpra-item-list--default\" start=\"1\">\n                <li class=\"wpra-item feed-item \">\n        <a href=\"http:\/\/postplex.blogspot.com\/2025\/08\/communication.html\" class=\"\" target=\"_blank\" rel=\"noopener noreferrer nofollow\" style=\"\">communication<\/a>\n\n        <div class=\"wprss-feed-meta\">\n            \n            \n            \n        <\/div>\n\n        \n    <\/li>    <li class=\"wpra-item feed-item \">\n        <a href=\"http:\/\/postplex.blogspot.com\/2025\/07\/stupore.html\" class=\"\" target=\"_blank\" rel=\"noopener noreferrer nofollow\" style=\"\">stupore<\/a>\n\n        <div class=\"wprss-feed-meta\">\n            \n            \n            \n        <\/div>\n\n        \n    <\/li>    <li class=\"wpra-item feed-item \">\n        <a href=\"http:\/\/postplex.blogspot.com\/2025\/07\/finestre.html\" class=\"\" target=\"_blank\" rel=\"noopener noreferrer nofollow\" style=\"\">finestre<\/a>\n\n        <div class=\"wprss-feed-meta\">\n            \n            \n            \n        <\/div>\n\n        \n    <\/li>    <li class=\"wpra-item feed-item \">\n        <a href=\"http:\/\/postplex.blogspot.com\/2025\/07\/mito.html\" class=\"\" target=\"_blank\" rel=\"noopener noreferrer nofollow\" style=\"\">mito<\/a>\n\n        <div class=\"wprss-feed-meta\">\n            \n            \n            \n        <\/div>\n\n        \n    <\/li>    <li class=\"wpra-item feed-item \">\n        <a href=\"http:\/\/postplex.blogspot.com\/2025\/07\/intuition.html\" class=\"\" target=\"_blank\" rel=\"noopener noreferrer nofollow\" style=\"\">intuizione<\/a>\n\n        <div class=\"wprss-feed-meta\">\n            \n            \n            \n        <\/div>\n\n        \n    <\/li>    <li class=\"wpra-item feed-item \">\n        <a href=\"http:\/\/postplex.blogspot.com\/2025\/04\/genius.html\" class=\"\" target=\"_blank\" rel=\"noopener noreferrer nofollow\" style=\"\">genius<\/a>\n\n        <div class=\"wprss-feed-meta\">\n            \n            \n            \n        <\/div>\n\n        \n    <\/li>    <li class=\"wpra-item feed-item \">\n        <a href=\"http:\/\/postplex.blogspot.com\/2025\/02\/pen.html\" class=\"\" target=\"_blank\" rel=\"noopener noreferrer nofollow\" style=\"\">handwriting<\/a>\n\n        <div class=\"wprss-feed-meta\">\n            \n            \n            \n        <\/div>\n\n        \n    <\/li>    <li class=\"wpra-item feed-item \">\n        <a href=\"http:\/\/postplex.blogspot.com\/2024\/10\/scrivere.html\" class=\"\" target=\"_blank\" rel=\"noopener noreferrer nofollow\" style=\"\">scrivere<\/a>\n\n        <div class=\"wprss-feed-meta\">\n            \n            \n            \n        <\/div>\n\n        \n    <\/li>    <li class=\"wpra-item feed-item \">\n        <a href=\"http:\/\/postplex.blogspot.com\/2024\/10\/secrezioni.html\" class=\"\" target=\"_blank\" rel=\"noopener noreferrer nofollow\" style=\"\">secrezioni<\/a>\n\n        <div class=\"wprss-feed-meta\">\n            \n            \n            \n        <\/div>\n\n        \n    <\/li>    <li class=\"wpra-item feed-item \">\n        <a href=\"http:\/\/postplex.blogspot.com\/2024\/10\/muse.html\" class=\"\" target=\"_blank\" rel=\"noopener noreferrer nofollow\" style=\"\">muse<\/a>\n\n        <div class=\"wprss-feed-meta\">\n            \n            \n            \n        <\/div>\n\n        \n    <\/li>    <li class=\"wpra-item feed-item \">\n        <a href=\"http:\/\/postplex.blogspot.com\/2024\/08\/newsworthiness.html\" class=\"\" target=\"_blank\" rel=\"noopener noreferrer nofollow\" style=\"\">newsworthiness<\/a>\n\n        <div class=\"wprss-feed-meta\">\n            \n            \n            \n        <\/div>\n\n        \n    <\/li>    <li class=\"wpra-item feed-item \">\n        <a href=\"http:\/\/postplex.blogspot.com\/2024\/08\/dubbio.html\" class=\"\" target=\"_blank\" rel=\"noopener noreferrer nofollow\" style=\"\">dubbio<\/a>\n\n        <div class=\"wprss-feed-meta\">\n            \n            \n            \n        <\/div>\n\n        \n    <\/li>    <li class=\"wpra-item feed-item \">\n        <a href=\"http:\/\/postplex.blogspot.com\/2024\/08\/fuoco.html\" class=\"\" target=\"_blank\" rel=\"noopener noreferrer nofollow\" style=\"\">fuoco<\/a>\n\n        <div class=\"wprss-feed-meta\">\n            \n            \n            \n        <\/div>\n\n        \n    <\/li>    <li class=\"wpra-item feed-item \">\n        <a href=\"http:\/\/postplex.blogspot.com\/2024\/08\/society.html\" class=\"\" target=\"_blank\" rel=\"noopener noreferrer nofollow\" style=\"\">society<\/a>\n\n        <div class=\"wprss-feed-meta\">\n            \n            \n            \n        <\/div>\n\n        \n    <\/li>    <li class=\"wpra-item feed-item \">\n        <a href=\"http:\/\/postplex.blogspot.com\/2024\/07\/volti.html\" class=\"\" target=\"_blank\" rel=\"noopener noreferrer nofollow\" style=\"\">volti<\/a>\n\n        <div class=\"wprss-feed-meta\">\n            \n            \n            \n        <\/div>\n\n        \n    <\/li>    <li class=\"wpra-item feed-item \">\n        <a href=\"http:\/\/postplex.blogspot.com\/2024\/06\/neoluddismo.html\" class=\"\" target=\"_blank\" rel=\"noopener noreferrer nofollow\" style=\"\">neoluddismo<\/a>\n\n        <div class=\"wprss-feed-meta\">\n            \n            \n            \n        <\/div>\n\n        \n    <\/li>    <li class=\"wpra-item feed-item \">\n        <a href=\"http:\/\/postplex.blogspot.com\/2023\/09\/suspension.html\" class=\"\" target=\"_blank\" rel=\"noopener noreferrer nofollow\" style=\"\">suspension<\/a>\n\n        <div class=\"wprss-feed-meta\">\n            \n            \n            \n        <\/div>\n\n        \n    <\/li>    <li class=\"wpra-item feed-item \">\n        <a href=\"http:\/\/postplex.blogspot.com\/2023\/11\/shopping.html\" class=\"\" target=\"_blank\" rel=\"noopener noreferrer nofollow\" style=\"\">shopping<\/a>\n\n        <div class=\"wprss-feed-meta\">\n            \n            \n            \n        <\/div>\n\n        \n    <\/li>    <li class=\"wpra-item feed-item \">\n        <a href=\"http:\/\/postplex.blogspot.com\/2023\/10\/genocides.html\" class=\"\" target=\"_blank\" rel=\"noopener noreferrer nofollow\" style=\"\">genocides<\/a>\n\n        <div class=\"wprss-feed-meta\">\n            \n            \n            \n        <\/div>\n\n        \n    <\/li>    <li class=\"wpra-item feed-item \">\n        <a href=\"http:\/\/postplex.blogspot.com\/2023\/09\/someway.html\" class=\"\" target=\"_blank\" rel=\"noopener noreferrer nofollow\" style=\"\">someway<\/a>\n\n        <div class=\"wprss-feed-meta\">\n            \n            \n            \n        <\/div>\n\n        \n    <\/li>    <li class=\"wpra-item feed-item \">\n        <a href=\"http:\/\/postplex.blogspot.com\/2023\/09\/design.html\" class=\"\" target=\"_blank\" rel=\"noopener noreferrer nofollow\" style=\"\">design<\/a>\n\n        <div class=\"wprss-feed-meta\">\n            \n            \n            \n        <\/div>\n\n        \n    <\/li>    <li class=\"wpra-item feed-item \">\n        <a href=\"http:\/\/postplex.blogspot.com\/2023\/10\/nozze.html\" class=\"\" target=\"_blank\" rel=\"noopener noreferrer nofollow\" style=\"\">nozze<\/a>\n\n        <div class=\"wprss-feed-meta\">\n            \n            \n            \n        <\/div>\n\n        \n    <\/li>    <li class=\"wpra-item feed-item \">\n        <a href=\"http:\/\/postplex.blogspot.com\/2023\/09\/autenticita.html\" class=\"\" target=\"_blank\" rel=\"noopener noreferrer nofollow\" style=\"\">autenticit\u00e0<\/a>\n\n        <div class=\"wprss-feed-meta\">\n            \n            \n            \n        <\/div>\n\n        \n    <\/li>    <li class=\"wpra-item feed-item \">\n        <a href=\"http:\/\/postplex.blogspot.com\/2023\/08\/momento.html\" class=\"\" target=\"_blank\" rel=\"noopener noreferrer nofollow\" style=\"\">momento<\/a>\n\n        <div class=\"wprss-feed-meta\">\n            \n            \n            \n        <\/div>\n\n        \n    <\/li>    <li class=\"wpra-item feed-item \">\n        <a href=\"http:\/\/postplex.blogspot.com\/2023\/08\/today.html\" class=\"\" target=\"_blank\" rel=\"noopener noreferrer nofollow\" style=\"\">today<\/a>\n\n        <div class=\"wprss-feed-meta\">\n            \n            \n            \n        <\/div>\n\n        \n    <\/li>\n        <\/ul>\n    <\/div> <\/div>\n\t<div id=\"gap-590507616\" class=\"gap-element clearfix\" style=\"display:block; height:auto;\">\n\t\t\n<style>\n#gap-590507616 {\n  padding-top: 30px;\n}\n<\/style>\n\t<\/div>\n\t\n\t\t<\/div>\n\t\t\t\t\t<\/div>\n\n\t\n[\/row]\n","protected":false},"excerpt":{"rendered":"[rang\u00e9e] [\/row]\n","protected":false},"author":1,"featured_media":53372,"parent":0,"menu_order":0,"comment_status":"closed","ping_status":"closed","template":"","meta":{"footnotes":""},"class_list":["post-53371","page","type-page","status-publish","has-post-thumbnail","hentry"],"_links":{"self":[{"href":"https:\/\/paolomargari.it\/fr\/wp-json\/wp\/v2\/pages\/53371","targetHints":{"allow":["GET"]}}],"collection":[{"href":"https:\/\/paolomargari.it\/fr\/wp-json\/wp\/v2\/pages"}],"about":[{"href":"https:\/\/paolomargari.it\/fr\/wp-json\/wp\/v2\/types\/page"}],"author":[{"embeddable":true,"href":"https:\/\/paolomargari.it\/fr\/wp-json\/wp\/v2\/users\/1"}],"replies":[{"embeddable":true,"href":"https:\/\/paolomargari.it\/fr\/wp-json\/wp\/v2\/comments?post=53371"}],"version-history":[{"count":7,"href":"https:\/\/paolomargari.it\/fr\/wp-json\/wp\/v2\/pages\/53371\/revisions"}],"predecessor-version":[{"id":54179,"href":"https:\/\/paolomargari.it\/fr\/wp-json\/wp\/v2\/pages\/53371\/revisions\/54179"}],"wp:featuredmedia":[{"embeddable":true,"href":"https:\/\/paolomargari.it\/fr\/wp-json\/wp\/v2\/media\/53372"}],"wp:attachment":[{"href":"https:\/\/paolomargari.it\/fr\/wp-json\/wp\/v2\/media?parent=53371"}],"curies":[{"name":"wp","href":"https:\/\/api.w.org\/{rel}","templated":true}]}}