{"id":53360,"date":"2025-10-30T18:13:33","date_gmt":"2025-10-30T17:13:33","guid":{"rendered":"https:\/\/paolomargari.it\/contatti\/grazie\/"},"modified":"2025-12-03T22:54:00","modified_gmt":"2025-12-03T21:54:00","slug":"merci","status":"publish","type":"page","link":"https:\/\/paolomargari.it\/fr\/contact\/merci\/","title":{"rendered":"Merci"},"content":{"rendered":"<p>Merci de m&rsquo;avoir contact\u00e9.<\/p>\n<p>Je te r\u00e9pondrai dans les plus brefs d\u00e9lais.<\/p>\n","protected":false},"excerpt":{"rendered":"<p>Merci de m&rsquo;avoir contact\u00e9. Je te r\u00e9pondrai dans les plus brefs d\u00e9lais.<\/p>\n","protected":false},"author":1,"featured_media":0,"parent":53358,"menu_order":0,"comment_status":"closed","ping_status":"closed","template":"","meta":{"footnotes":""},"class_list":["post-53360","page","type-page","status-publish","hentry"],"_links":{"self":[{"href":"https:\/\/paolomargari.it\/fr\/wp-json\/wp\/v2\/pages\/53360","targetHints":{"allow":["GET"]}}],"collection":[{"href":"https:\/\/paolomargari.it\/fr\/wp-json\/wp\/v2\/pages"}],"about":[{"href":"https:\/\/paolomargari.it\/fr\/wp-json\/wp\/v2\/types\/page"}],"author":[{"embeddable":true,"href":"https:\/\/paolomargari.it\/fr\/wp-json\/wp\/v2\/users\/1"}],"replies":[{"embeddable":true,"href":"https:\/\/paolomargari.it\/fr\/wp-json\/wp\/v2\/comments?post=53360"}],"version-history":[{"count":4,"href":"https:\/\/paolomargari.it\/fr\/wp-json\/wp\/v2\/pages\/53360\/revisions"}],"predecessor-version":[{"id":53691,"href":"https:\/\/paolomargari.it\/fr\/wp-json\/wp\/v2\/pages\/53360\/revisions\/53691"}],"up":[{"embeddable":true,"href":"https:\/\/paolomargari.it\/fr\/wp-json\/wp\/v2\/pages\/53358"}],"wp:attachment":[{"href":"https:\/\/paolomargari.it\/fr\/wp-json\/wp\/v2\/media?parent=53360"}],"curies":[{"name":"wp","href":"https:\/\/api.w.org\/{rel}","templated":true}]}}