{"id":53329,"date":"2025-10-30T18:12:10","date_gmt":"2025-10-30T17:12:10","guid":{"rendered":"https:\/\/paolomargari.it\/blog\/"},"modified":"2025-12-06T02:24:12","modified_gmt":"2025-12-06T01:24:12","slug":"blog","status":"publish","type":"page","link":"https:\/\/paolomargari.it\/fr\/blog\/","title":{"rendered":"Blog"},"content":{"rendered":"<div id=\"bsf_rt_marker\"><\/div><div class=\"row\"  id=\"row-1468335319\">\n\n\t<div id=\"col-519516987\" class=\"col small-12 large-12\"  >\n\t\t\t\t<div class=\"col-inner\"  >\n\t\t\t\n\t\t\t\n\t<div id=\"gap-973097642\" class=\"gap-element clearfix\" style=\"display:block; height:auto;\">\n\t\t\n<style>\n#gap-973097642 {\n  padding-top: 30px;\n}\n<\/style>\n\t<\/div>\n\t\n<h1>Blog<\/h1>\n<p>En plus de ce blog, j&rsquo;\u00e9cris \u00e9galement sur <a title=\"Postplex blog\" href=\"https:\/\/postplex.blogspot.com\/\" target=\"_blank\" rel=\"noopener\">Postplex<\/a>, <a title=\"Medium Paolo Margari Blog\" href=\"https:\/\/paolomargari.medium.com\/\" target=\"_blank\" rel=\"nofollow noopener\">Medium<\/a> et <a title=\"Substack blog Paolo Margari\" href=\"https:\/\/paolomargari.substack.com\/\" target=\"_blank\" rel=\"nofollow noopener\">Substack<\/a>.<\/p>\n\n  \n    <div class=\"row large-columns-3 medium-columns-1 small-columns-1\" >\n  <div class=\"col post-item\" >\n\t\t\t<div class=\"col-inner\">\n\t\t\t\t<div class=\"box box-default box-text-bottom box-blog-post has-hover\">\n            \t\t\t\t\t<div class=\"box-image\" style=\"border-radius:13%;\">\n  \t\t\t\t\t\t<div class=\"image-zoom-long image-cover\" style=\"padding-top:51%;\">\n\t\t\t\t\t\t\t<a href=\"https:\/\/paolomargari.it\/fr\/lois-ux-theorie-meilleurs-pratiques-experience-utilisateur-design\/\" class=\"plain\" aria-label=\"Les lois de l&rsquo;UX &#8211; th\u00e9orie et meilleures pratiques en mati\u00e8re de conception de l&rsquo;exp\u00e9rience utilisateur\">\n\t\t\t\t\t\t\t\t<img loading=\"lazy\" decoding=\"async\" width=\"287\" height=\"300\" src=\"https:\/\/paolomargari.it\/wp-content\/uploads\/2025\/10\/Screenshot-2025-09-14-at-02.09.55-1-287x300.png\" class=\"attachment-medium size-medium wp-post-image\" alt=\"\" srcset=\"https:\/\/paolomargari.it\/wp-content\/uploads\/2025\/10\/Screenshot-2025-09-14-at-02.09.55-1-287x300.png 287w, https:\/\/paolomargari.it\/wp-content\/uploads\/2025\/10\/Screenshot-2025-09-14-at-02.09.55-1.png 808w\" sizes=\"auto, (max-width: 287px) 100vw, 287px\" \/>\t\t\t\t\t\t\t<\/a>\n  \t\t\t\t\t\t\t  \t\t\t\t\t\t\t  \t\t\t\t\t\t<\/div>\n  \t\t\t\t\t\t  \t\t\t\t\t<\/div>\n          \t\t\t\t\t<div class=\"box-text text-left\" >\n\t\t\t\t\t<div class=\"box-text-inner blog-post-inner\">\n\n\t\t\t\t\t\n\t\t\t\t\t\t\t\t\t\t<h5 class=\"post-title is-larger \">\n\t\t\t\t\t\t<a href=\"https:\/\/paolomargari.it\/fr\/lois-ux-theorie-meilleurs-pratiques-experience-utilisateur-design\/\" class=\"plain\">Les lois de l&rsquo;UX &#8211; th\u00e9orie et meilleures pratiques en mati\u00e8re de conception de l&rsquo;exp\u00e9rience utilisateur<\/a>\n\t\t\t\t\t<\/h5>\n\t\t\t\t\t\t\t\t\t\t<div class=\"is-divider\"><\/div>\n\t\t\t\t\t                    \n\t\t\t\t\t\n\t\t\t\t\t\n\t\t\t\t\t<\/div>\n\t\t\t\t\t<\/div>\n\t\t\t\t\t\t\t\t\t<\/div>\n\t\t\t<\/div>\n\t\t<\/div><div class=\"col post-item\" >\n\t\t\t<div class=\"col-inner\">\n\t\t\t\t<div class=\"box box-default box-text-bottom box-blog-post has-hover\">\n            \t\t\t\t\t<div class=\"box-image\" style=\"border-radius:13%;\">\n  \t\t\t\t\t\t<div class=\"image-zoom-long image-cover\" style=\"padding-top:51%;\">\n\t\t\t\t\t\t\t<a href=\"https:\/\/paolomargari.it\/fr\/guide-meilleurs-logiciels-libres-gratuits-pc-mac-open-source\/\" class=\"plain\" aria-label=\"Les meilleurs logiciels libres gratuits pour PC et Mac \u00e0 ne pas manquer\">\n\t\t\t\t\t\t\t\t<img loading=\"lazy\" decoding=\"async\" width=\"300\" height=\"150\" src=\"https:\/\/paolomargari.it\/wp-content\/uploads\/2025\/10\/sell-photos-online-vendere-foto-300x150.jpg\" class=\"attachment-medium size-medium wp-post-image\" alt=\"guida software open source gratuito pc mac\" srcset=\"https:\/\/paolomargari.it\/wp-content\/uploads\/2025\/10\/sell-photos-online-vendere-foto-300x150.jpg 300w, https:\/\/paolomargari.it\/wp-content\/uploads\/2025\/10\/sell-photos-online-vendere-foto-768x384.jpg 768w, https:\/\/paolomargari.it\/wp-content\/uploads\/2025\/10\/sell-photos-online-vendere-foto.jpg 1024w\" sizes=\"auto, (max-width: 300px) 100vw, 300px\" \/>\t\t\t\t\t\t\t<\/a>\n  \t\t\t\t\t\t\t  \t\t\t\t\t\t\t  \t\t\t\t\t\t<\/div>\n  \t\t\t\t\t\t  \t\t\t\t\t<\/div>\n          \t\t\t\t\t<div class=\"box-text text-left\" >\n\t\t\t\t\t<div class=\"box-text-inner blog-post-inner\">\n\n\t\t\t\t\t\n\t\t\t\t\t\t\t\t\t\t<h5 class=\"post-title is-larger \">\n\t\t\t\t\t\t<a href=\"https:\/\/paolomargari.it\/fr\/guide-meilleurs-logiciels-libres-gratuits-pc-mac-open-source\/\" class=\"plain\">Les meilleurs logiciels libres gratuits pour PC et Mac \u00e0 ne pas manquer<\/a>\n\t\t\t\t\t<\/h5>\n\t\t\t\t\t\t\t\t\t\t<div class=\"is-divider\"><\/div>\n\t\t\t\t\t                    \n\t\t\t\t\t\n\t\t\t\t\t\n\t\t\t\t\t<\/div>\n\t\t\t\t\t<\/div>\n\t\t\t\t\t\t\t\t\t<\/div>\n\t\t\t<\/div>\n\t\t<\/div><div class=\"col post-item\" >\n\t\t\t<div class=\"col-inner\">\n\t\t\t\t<div class=\"box box-default box-text-bottom box-blog-post has-hover\">\n            \t\t\t\t\t<div class=\"box-image\" style=\"border-radius:13%;\">\n  \t\t\t\t\t\t<div class=\"image-zoom-long image-cover\" style=\"padding-top:51%;\">\n\t\t\t\t\t\t\t<a href=\"https:\/\/paolomargari.it\/fr\/guide-dropshipping-ecommerce-vendre-sans-stock\/\" class=\"plain\" aria-label=\"Guide du Dropshipping : e-commerce pour vendre des produits sans stock\">\n\t\t\t\t\t\t\t\t<img loading=\"lazy\" decoding=\"async\" width=\"300\" height=\"300\" src=\"https:\/\/paolomargari.it\/wp-content\/uploads\/2025\/10\/portfolio-solvy-store-ecommerce-1-300x300.png\" class=\"attachment-medium size-medium wp-post-image\" alt=\"guida dropshipping\" srcset=\"https:\/\/paolomargari.it\/wp-content\/uploads\/2025\/10\/portfolio-solvy-store-ecommerce-1-300x300.png 300w, https:\/\/paolomargari.it\/wp-content\/uploads\/2025\/10\/portfolio-solvy-store-ecommerce-1-150x150.png 150w\" sizes=\"auto, (max-width: 300px) 100vw, 300px\" \/>\t\t\t\t\t\t\t<\/a>\n  \t\t\t\t\t\t\t  \t\t\t\t\t\t\t  \t\t\t\t\t\t<\/div>\n  \t\t\t\t\t\t  \t\t\t\t\t<\/div>\n          \t\t\t\t\t<div class=\"box-text text-left\" >\n\t\t\t\t\t<div class=\"box-text-inner blog-post-inner\">\n\n\t\t\t\t\t\n\t\t\t\t\t\t\t\t\t\t<h5 class=\"post-title is-larger \">\n\t\t\t\t\t\t<a href=\"https:\/\/paolomargari.it\/fr\/guide-dropshipping-ecommerce-vendre-sans-stock\/\" class=\"plain\">Guide du Dropshipping : e-commerce pour vendre des produits sans stock<\/a>\n\t\t\t\t\t<\/h5>\n\t\t\t\t\t\t\t\t\t\t<div class=\"is-divider\"><\/div>\n\t\t\t\t\t                    \n\t\t\t\t\t\n\t\t\t\t\t\n\t\t\t\t\t<\/div>\n\t\t\t\t\t<\/div>\n\t\t\t\t\t\t\t\t\t<\/div>\n\t\t\t<\/div>\n\t\t<\/div><div class=\"col post-item\" >\n\t\t\t<div class=\"col-inner\">\n\t\t\t\t<div class=\"box box-default box-text-bottom box-blog-post has-hover\">\n            \t\t\t\t\t<div class=\"box-image\" style=\"border-radius:13%;\">\n  \t\t\t\t\t\t<div class=\"image-zoom-long image-cover\" style=\"padding-top:51%;\">\n\t\t\t\t\t\t\t<a href=\"https:\/\/paolomargari.it\/fr\/comment-seo-referencement-change-ia-mode-google\/\" class=\"plain\" aria-label=\"Le r\u00e9f\u00e9rencement \u00e0 l&rsquo;\u00e8re du mode IA de Google : se faire remarquer et obtenir des clics qualifi\u00e9s\">\n\t\t\t\t\t\t\t\t<img loading=\"lazy\" decoding=\"async\" width=\"300\" height=\"158\" src=\"https:\/\/paolomargari.it\/wp-content\/uploads\/2025\/10\/SEO-GEO-AIO-AI-overview-Google-300x158.jpg\" class=\"attachment-medium size-medium wp-post-image\" alt=\"Google AI Mode overviews SEO AIO\" srcset=\"https:\/\/paolomargari.it\/wp-content\/uploads\/2025\/10\/SEO-GEO-AIO-AI-overview-Google-300x158.jpg 300w, https:\/\/paolomargari.it\/wp-content\/uploads\/2025\/10\/SEO-GEO-AIO-AI-overview-Google-1024x538.jpg 1024w, https:\/\/paolomargari.it\/wp-content\/uploads\/2025\/10\/SEO-GEO-AIO-AI-overview-Google-768x403.jpg 768w, https:\/\/paolomargari.it\/wp-content\/uploads\/2025\/10\/SEO-GEO-AIO-AI-overview-Google-1536x807.jpg 1536w, https:\/\/paolomargari.it\/wp-content\/uploads\/2025\/10\/SEO-GEO-AIO-AI-overview-Google-2048x1076.jpg 2048w\" sizes=\"auto, (max-width: 300px) 100vw, 300px\" \/>\t\t\t\t\t\t\t<\/a>\n  \t\t\t\t\t\t\t  \t\t\t\t\t\t\t  \t\t\t\t\t\t<\/div>\n  \t\t\t\t\t\t  \t\t\t\t\t<\/div>\n          \t\t\t\t\t<div class=\"box-text text-left\" >\n\t\t\t\t\t<div class=\"box-text-inner blog-post-inner\">\n\n\t\t\t\t\t\n\t\t\t\t\t\t\t\t\t\t<h5 class=\"post-title is-larger \">\n\t\t\t\t\t\t<a href=\"https:\/\/paolomargari.it\/fr\/comment-seo-referencement-change-ia-mode-google\/\" class=\"plain\">Le r\u00e9f\u00e9rencement \u00e0 l&rsquo;\u00e8re du mode IA de Google : se faire remarquer et obtenir des clics qualifi\u00e9s<\/a>\n\t\t\t\t\t<\/h5>\n\t\t\t\t\t\t\t\t\t\t<div class=\"is-divider\"><\/div>\n\t\t\t\t\t                    \n\t\t\t\t\t\n\t\t\t\t\t\n\t\t\t\t\t<\/div>\n\t\t\t\t\t<\/div>\n\t\t\t\t\t\t\t\t\t<\/div>\n\t\t\t<\/div>\n\t\t<\/div><div class=\"col post-item\" >\n\t\t\t<div class=\"col-inner\">\n\t\t\t\t<div class=\"box box-default box-text-bottom box-blog-post has-hover\">\n            \t\t\t\t\t<div class=\"box-image\" style=\"border-radius:13%;\">\n  \t\t\t\t\t\t<div class=\"image-zoom-long image-cover\" style=\"padding-top:51%;\">\n\t\t\t\t\t\t\t<a href=\"https:\/\/paolomargari.it\/fr\/comment-intelligence-artificielle-change-fruition-information-ia\/\" class=\"plain\" aria-label=\"Comment l&rsquo;intelligence artificielle change la fruition de l&rsquo;information\">\n\t\t\t\t\t\t\t\t<img loading=\"lazy\" decoding=\"async\" width=\"300\" height=\"138\" src=\"https:\/\/paolomargari.it\/wp-content\/uploads\/2025\/10\/journalism-ai-social_media-impact-300x138.jpg\" class=\"attachment-medium size-medium wp-post-image\" alt=\"IA giornalismo AI news media journalism\" srcset=\"https:\/\/paolomargari.it\/wp-content\/uploads\/2025\/10\/journalism-ai-social_media-impact-300x138.jpg 300w, https:\/\/paolomargari.it\/wp-content\/uploads\/2025\/10\/journalism-ai-social_media-impact-1024x470.jpg 1024w, https:\/\/paolomargari.it\/wp-content\/uploads\/2025\/10\/journalism-ai-social_media-impact-768x353.jpg 768w, https:\/\/paolomargari.it\/wp-content\/uploads\/2025\/10\/journalism-ai-social_media-impact-1536x705.jpg 1536w, https:\/\/paolomargari.it\/wp-content\/uploads\/2025\/10\/journalism-ai-social_media-impact.jpg 1594w\" sizes=\"auto, (max-width: 300px) 100vw, 300px\" \/>\t\t\t\t\t\t\t<\/a>\n  \t\t\t\t\t\t\t  \t\t\t\t\t\t\t  \t\t\t\t\t\t<\/div>\n  \t\t\t\t\t\t  \t\t\t\t\t<\/div>\n          \t\t\t\t\t<div class=\"box-text text-left\" >\n\t\t\t\t\t<div class=\"box-text-inner blog-post-inner\">\n\n\t\t\t\t\t\n\t\t\t\t\t\t\t\t\t\t<h5 class=\"post-title is-larger \">\n\t\t\t\t\t\t<a href=\"https:\/\/paolomargari.it\/fr\/comment-intelligence-artificielle-change-fruition-information-ia\/\" class=\"plain\">Comment l&rsquo;intelligence artificielle change la fruition de l&rsquo;information<\/a>\n\t\t\t\t\t<\/h5>\n\t\t\t\t\t\t\t\t\t\t<div class=\"is-divider\"><\/div>\n\t\t\t\t\t                    \n\t\t\t\t\t\n\t\t\t\t\t\n\t\t\t\t\t<\/div>\n\t\t\t\t\t<\/div>\n\t\t\t\t\t\t\t\t\t<\/div>\n\t\t\t<\/div>\n\t\t<\/div><div class=\"col post-item\" >\n\t\t\t<div class=\"col-inner\">\n\t\t\t\t<div class=\"box box-default box-text-bottom box-blog-post has-hover\">\n            \t\t\t\t\t<div class=\"box-image\" style=\"border-radius:13%;\">\n  \t\t\t\t\t\t<div class=\"image-zoom-long image-cover\" style=\"padding-top:51%;\">\n\t\t\t\t\t\t\t<a href=\"https:\/\/paolomargari.it\/fr\/passe-present-futur-nom-chaque-siecle-histoire\/\" class=\"plain\" aria-label=\"Pass\u00e9, pr\u00e9sent et futur : un nom pour chaque si\u00e8cle\">\n\t\t\t\t\t\t\t\t<img loading=\"lazy\" decoding=\"async\" width=\"300\" height=\"171\" src=\"https:\/\/paolomargari.it\/wp-content\/uploads\/2025\/10\/evoluzione-storica-nei-secoli-300x171.webp\" class=\"attachment-medium size-medium wp-post-image\" alt=\"evoluzione storica secoli storia centuries name history\" srcset=\"https:\/\/paolomargari.it\/wp-content\/uploads\/2025\/10\/evoluzione-storica-nei-secoli-300x171.webp 300w, https:\/\/paolomargari.it\/wp-content\/uploads\/2025\/10\/evoluzione-storica-nei-secoli-1024x585.webp 1024w, https:\/\/paolomargari.it\/wp-content\/uploads\/2025\/10\/evoluzione-storica-nei-secoli-768x439.webp 768w, https:\/\/paolomargari.it\/wp-content\/uploads\/2025\/10\/evoluzione-storica-nei-secoli-1536x878.webp 1536w, https:\/\/paolomargari.it\/wp-content\/uploads\/2025\/10\/evoluzione-storica-nei-secoli.webp 1792w\" sizes=\"auto, (max-width: 300px) 100vw, 300px\" \/>\t\t\t\t\t\t\t<\/a>\n  \t\t\t\t\t\t\t  \t\t\t\t\t\t\t  \t\t\t\t\t\t<\/div>\n  \t\t\t\t\t\t  \t\t\t\t\t<\/div>\n          \t\t\t\t\t<div class=\"box-text text-left\" >\n\t\t\t\t\t<div class=\"box-text-inner blog-post-inner\">\n\n\t\t\t\t\t\n\t\t\t\t\t\t\t\t\t\t<h5 class=\"post-title is-larger \">\n\t\t\t\t\t\t<a href=\"https:\/\/paolomargari.it\/fr\/passe-present-futur-nom-chaque-siecle-histoire\/\" class=\"plain\">Pass\u00e9, pr\u00e9sent et futur : un nom pour chaque si\u00e8cle<\/a>\n\t\t\t\t\t<\/h5>\n\t\t\t\t\t\t\t\t\t\t<div class=\"is-divider\"><\/div>\n\t\t\t\t\t                    \n\t\t\t\t\t\n\t\t\t\t\t\n\t\t\t\t\t<\/div>\n\t\t\t\t\t<\/div>\n\t\t\t\t\t\t\t\t\t<\/div>\n\t\t\t<\/div>\n\t\t<\/div><div class=\"col post-item\" >\n\t\t\t<div class=\"col-inner\">\n\t\t\t\t<div class=\"box box-default box-text-bottom box-blog-post has-hover\">\n            \t\t\t\t\t<div class=\"box-image\" style=\"border-radius:13%;\">\n  \t\t\t\t\t\t<div class=\"image-zoom-long image-cover\" style=\"padding-top:51%;\">\n\t\t\t\t\t\t\t<a href=\"https:\/\/paolomargari.it\/fr\/marketing-cadrage-ancrage-effet-halo-marque-branding\/\" class=\"plain\" aria-label=\"Cadrage, ancrage et effet de halo : comment le marketing fa\u00e7onne la perception de la marque\">\n\t\t\t\t\t\t\t\t<img loading=\"lazy\" decoding=\"async\" width=\"300\" height=\"158\" src=\"https:\/\/paolomargari.it\/wp-content\/uploads\/2025\/10\/marketing-psychology-300x158.png\" class=\"attachment-medium size-medium wp-post-image\" alt=\"\" srcset=\"https:\/\/paolomargari.it\/wp-content\/uploads\/2025\/10\/marketing-psychology-300x158.png 300w, https:\/\/paolomargari.it\/wp-content\/uploads\/2025\/10\/marketing-psychology-1024x540.png 1024w, https:\/\/paolomargari.it\/wp-content\/uploads\/2025\/10\/marketing-psychology-768x405.png 768w, https:\/\/paolomargari.it\/wp-content\/uploads\/2025\/10\/marketing-psychology.png 1084w\" sizes=\"auto, (max-width: 300px) 100vw, 300px\" \/>\t\t\t\t\t\t\t<\/a>\n  \t\t\t\t\t\t\t  \t\t\t\t\t\t\t  \t\t\t\t\t\t<\/div>\n  \t\t\t\t\t\t  \t\t\t\t\t<\/div>\n          \t\t\t\t\t<div class=\"box-text text-left\" >\n\t\t\t\t\t<div class=\"box-text-inner blog-post-inner\">\n\n\t\t\t\t\t\n\t\t\t\t\t\t\t\t\t\t<h5 class=\"post-title is-larger \">\n\t\t\t\t\t\t<a href=\"https:\/\/paolomargari.it\/fr\/marketing-cadrage-ancrage-effet-halo-marque-branding\/\" class=\"plain\">Cadrage, ancrage et effet de halo : comment le marketing fa\u00e7onne la perception de la marque<\/a>\n\t\t\t\t\t<\/h5>\n\t\t\t\t\t\t\t\t\t\t<div class=\"is-divider\"><\/div>\n\t\t\t\t\t                    \n\t\t\t\t\t\n\t\t\t\t\t\n\t\t\t\t\t<\/div>\n\t\t\t\t\t<\/div>\n\t\t\t\t\t\t\t\t\t<\/div>\n\t\t\t<\/div>\n\t\t<\/div><div class=\"col post-item\" >\n\t\t\t<div class=\"col-inner\">\n\t\t\t\t<div class=\"box box-default box-text-bottom box-blog-post has-hover\">\n            \t\t\t\t\t<div class=\"box-image\" style=\"border-radius:13%;\">\n  \t\t\t\t\t\t<div class=\"image-zoom-long image-cover\" style=\"padding-top:51%;\">\n\t\t\t\t\t\t\t<a href=\"https:\/\/paolomargari.it\/fr\/journalisme-intellicence-artificielle-ia\/\" class=\"plain\" aria-label=\"Comment le journalisme change avec l&rsquo;intelligence artificielle\">\n\t\t\t\t\t\t\t\t<img loading=\"lazy\" decoding=\"async\" width=\"300\" height=\"300\" src=\"https:\/\/paolomargari.it\/wp-content\/uploads\/2023\/07\/ai-humans-journalism-300x300.webp\" class=\"attachment-medium size-medium wp-post-image\" alt=\"AI jorunlism news media humans\" srcset=\"https:\/\/paolomargari.it\/wp-content\/uploads\/2023\/07\/ai-humans-journalism-300x300.webp 300w, https:\/\/paolomargari.it\/wp-content\/uploads\/2023\/07\/ai-humans-journalism-150x150.webp 150w, https:\/\/paolomargari.it\/wp-content\/uploads\/2023\/07\/ai-humans-journalism-768x768.webp 768w, https:\/\/paolomargari.it\/wp-content\/uploads\/2023\/07\/ai-humans-journalism.webp 1024w\" sizes=\"auto, (max-width: 300px) 100vw, 300px\" \/>\t\t\t\t\t\t\t<\/a>\n  \t\t\t\t\t\t\t  \t\t\t\t\t\t\t  \t\t\t\t\t\t<\/div>\n  \t\t\t\t\t\t  \t\t\t\t\t<\/div>\n          \t\t\t\t\t<div class=\"box-text text-left\" >\n\t\t\t\t\t<div class=\"box-text-inner blog-post-inner\">\n\n\t\t\t\t\t\n\t\t\t\t\t\t\t\t\t\t<h5 class=\"post-title is-larger \">\n\t\t\t\t\t\t<a href=\"https:\/\/paolomargari.it\/fr\/journalisme-intellicence-artificielle-ia\/\" class=\"plain\">Comment le journalisme change avec l&rsquo;intelligence artificielle<\/a>\n\t\t\t\t\t<\/h5>\n\t\t\t\t\t\t\t\t\t\t<div class=\"is-divider\"><\/div>\n\t\t\t\t\t                    \n\t\t\t\t\t\n\t\t\t\t\t\n\t\t\t\t\t<\/div>\n\t\t\t\t\t<\/div>\n\t\t\t\t\t\t\t\t\t<\/div>\n\t\t\t<\/div>\n\t\t<\/div><div class=\"col post-item\" >\n\t\t\t<div class=\"col-inner\">\n\t\t\t\t<div class=\"box box-default box-text-bottom box-blog-post has-hover\">\n            \t\t\t\t\t<div class=\"box-image\" style=\"border-radius:13%;\">\n  \t\t\t\t\t\t<div class=\"image-zoom-long image-cover\" style=\"padding-top:51%;\">\n\t\t\t\t\t\t\t<a href=\"https:\/\/paolomargari.it\/fr\/linkedin-social-selling-index-ssi\/\" class=\"plain\" aria-label=\"Qu&rsquo;est-ce que l&rsquo;indice de vente sociale de LinkedIn ou SSI et comment l&rsquo;am\u00e9liorer ?\">\n\t\t\t\t\t\t\t\t<img loading=\"lazy\" decoding=\"async\" width=\"300\" height=\"268\" src=\"https:\/\/paolomargari.it\/wp-content\/uploads\/2025\/10\/linkedin-ssi-paolo_margari-nov2023-300x268.jpg\" class=\"attachment-medium size-medium wp-post-image\" alt=\"linkedin ssi social selling index\" srcset=\"https:\/\/paolomargari.it\/wp-content\/uploads\/2025\/10\/linkedin-ssi-paolo_margari-nov2023-300x268.jpg 300w, https:\/\/paolomargari.it\/wp-content\/uploads\/2025\/10\/linkedin-ssi-paolo_margari-nov2023-1024x916.jpg 1024w, https:\/\/paolomargari.it\/wp-content\/uploads\/2025\/10\/linkedin-ssi-paolo_margari-nov2023-768x687.jpg 768w, https:\/\/paolomargari.it\/wp-content\/uploads\/2025\/10\/linkedin-ssi-paolo_margari-nov2023.jpg 1200w\" sizes=\"auto, (max-width: 300px) 100vw, 300px\" \/>\t\t\t\t\t\t\t<\/a>\n  \t\t\t\t\t\t\t  \t\t\t\t\t\t\t  \t\t\t\t\t\t<\/div>\n  \t\t\t\t\t\t  \t\t\t\t\t<\/div>\n          \t\t\t\t\t<div class=\"box-text text-left\" >\n\t\t\t\t\t<div class=\"box-text-inner blog-post-inner\">\n\n\t\t\t\t\t\n\t\t\t\t\t\t\t\t\t\t<h5 class=\"post-title is-larger \">\n\t\t\t\t\t\t<a href=\"https:\/\/paolomargari.it\/fr\/linkedin-social-selling-index-ssi\/\" class=\"plain\">Qu&rsquo;est-ce que l&rsquo;indice de vente sociale de LinkedIn ou SSI et comment l&rsquo;am\u00e9liorer ?<\/a>\n\t\t\t\t\t<\/h5>\n\t\t\t\t\t\t\t\t\t\t<div class=\"is-divider\"><\/div>\n\t\t\t\t\t                    \n\t\t\t\t\t\n\t\t\t\t\t\n\t\t\t\t\t<\/div>\n\t\t\t\t\t<\/div>\n\t\t\t\t\t\t\t\t\t<\/div>\n\t\t\t<\/div>\n\t\t<\/div><\/div>\n\t<div id=\"gap-140289311\" class=\"gap-element clearfix\" style=\"display:block; height:auto;\">\n\t\t\n<style>\n#gap-140289311 {\n  padding-top: 30px;\n}\n<\/style>\n\t<\/div>\n\t\n\t\t<\/div>\n\t\t\t\t\t<\/div>\n\n\t\n<\/div>\n","protected":false},"excerpt":{"rendered":"","protected":false},"author":1,"featured_media":0,"parent":0,"menu_order":0,"comment_status":"closed","ping_status":"closed","template":"","meta":{"footnotes":""},"class_list":["post-53329","page","type-page","status-publish","hentry"],"_links":{"self":[{"href":"https:\/\/paolomargari.it\/fr\/wp-json\/wp\/v2\/pages\/53329","targetHints":{"allow":["GET"]}}],"collection":[{"href":"https:\/\/paolomargari.it\/fr\/wp-json\/wp\/v2\/pages"}],"about":[{"href":"https:\/\/paolomargari.it\/fr\/wp-json\/wp\/v2\/types\/page"}],"author":[{"embeddable":true,"href":"https:\/\/paolomargari.it\/fr\/wp-json\/wp\/v2\/users\/1"}],"replies":[{"embeddable":true,"href":"https:\/\/paolomargari.it\/fr\/wp-json\/wp\/v2\/comments?post=53329"}],"version-history":[{"count":3,"href":"https:\/\/paolomargari.it\/fr\/wp-json\/wp\/v2\/pages\/53329\/revisions"}],"predecessor-version":[{"id":54262,"href":"https:\/\/paolomargari.it\/fr\/wp-json\/wp\/v2\/pages\/53329\/revisions\/54262"}],"wp:attachment":[{"href":"https:\/\/paolomargari.it\/fr\/wp-json\/wp\/v2\/media?parent=53329"}],"curies":[{"name":"wp","href":"https:\/\/api.w.org\/{rel}","templated":true}]}}